{"id":19,"date":"2024-02-03T19:38:10","date_gmt":"2024-02-03T18:38:10","guid":{"rendered":"http:\/\/xn--dor-mieux-tre-dhbw.fr\/?page_id=19"},"modified":"2024-02-03T19:38:10","modified_gmt":"2024-02-03T18:38:10","slug":"tarifs","status":"publish","type":"page","link":"https:\/\/xn--dor-mieux-tre-dhbw.fr\/index.php\/tarifs\/","title":{"rendered":"Tarifs"},"content":{"rendered":"\n<p>Les s\u00e9ances durent 1h15 environ.<\/p>\n\n\n\n<p>Le tarif forfaitaire est de 50 \u20ac par s\u00e9ance.<\/p>\n\n\n\n<p>G\u00e9n\u00e9ralement deux \u00e0 trois s\u00e9ances suffisent pour traiter une probl\u00e9matique.<\/p>\n","protected":false},"excerpt":{"rendered":"<p>Les s\u00e9ances durent 1h15 environ. Le tarif forfaitaire est de 50 \u20ac par s\u00e9ance. G\u00e9n\u00e9ralement deux \u00e0 trois s\u00e9ances suffisent pour traiter une probl\u00e9matique.<\/p>\n","protected":false},"author":1,"featured_media":0,"parent":0,"menu_order":0,"comment_status":"closed","ping_status":"closed","template":"","meta":{"footnotes":""},"class_list":["post-19","page","type-page","status-publish","hentry"],"_links":{"self":[{"href":"https:\/\/xn--dor-mieux-tre-dhbw.fr\/index.php\/wp-json\/wp\/v2\/pages\/19","targetHints":{"allow":["GET"]}}],"collection":[{"href":"https:\/\/xn--dor-mieux-tre-dhbw.fr\/index.php\/wp-json\/wp\/v2\/pages"}],"about":[{"href":"https:\/\/xn--dor-mieux-tre-dhbw.fr\/index.php\/wp-json\/wp\/v2\/types\/page"}],"author":[{"embeddable":true,"href":"https:\/\/xn--dor-mieux-tre-dhbw.fr\/index.php\/wp-json\/wp\/v2\/users\/1"}],"replies":[{"embeddable":true,"href":"https:\/\/xn--dor-mieux-tre-dhbw.fr\/index.php\/wp-json\/wp\/v2\/comments?post=19"}],"version-history":[{"count":1,"href":"https:\/\/xn--dor-mieux-tre-dhbw.fr\/index.php\/wp-json\/wp\/v2\/pages\/19\/revisions"}],"predecessor-version":[{"id":20,"href":"https:\/\/xn--dor-mieux-tre-dhbw.fr\/index.php\/wp-json\/wp\/v2\/pages\/19\/revisions\/20"}],"wp:attachment":[{"href":"https:\/\/xn--dor-mieux-tre-dhbw.fr\/index.php\/wp-json\/wp\/v2\/media?parent=19"}],"curies":[{"name":"wp","href":"https:\/\/api.w.org\/{rel}","templated":true}]}}