{"id":21,"date":"2024-02-03T19:40:15","date_gmt":"2024-02-03T18:40:15","guid":{"rendered":"http:\/\/xn--dor-mieux-tre-dhbw.fr\/?page_id=21"},"modified":"2024-02-04T16:03:16","modified_gmt":"2024-02-04T15:03:16","slug":"le-deroulement-dune-seance","status":"publish","type":"page","link":"https:\/\/xn--dor-mieux-tre-dhbw.fr\/index.php\/le-deroulement-dune-seance\/","title":{"rendered":"Le d\u00e9roulement d&#8217;une s\u00e9ance"},"content":{"rendered":"<div data-colibri-id=\"21-c1\" class=\"style-269 style-local-21-c1 position-relative\">\n  <!---->\n  <div data-colibri-component=\"section\" data-colibri-id=\"21-c2\" id=\"initial-content\" class=\"h-section h-section-global-spacing d-flex align-items-lg-center align-items-md-center align-items-center style-270 style-local-21-c2 position-relative\">\n    <!---->\n    <!---->\n    <div class=\"h-section-grid-container h-section-boxed-container\">\n      <!---->\n      <div data-colibri-id=\"21-c3\" class=\"h-row-container gutters-row-lg-1 gutters-row-md-1 gutters-row-0 gutters-row-v-lg-1 gutters-row-v-md-1 gutters-row-v-1 style-271 style-local-21-c3 position-relative\">\n        <!---->\n        <div class=\"h-row justify-content-lg-center justify-content-md-center justify-content-center align-items-lg-stretch align-items-md-stretch align-items-stretch gutters-col-lg-1 gutters-col-md-1 gutters-col-0 gutters-col-v-lg-1 gutters-col-v-md-1 gutters-col-v-1\">\n          <!---->\n          <div class=\"h-column h-column-container d-flex h-col-lg-auto h-col-md-auto h-col-auto style-272-outer style-local-21-c4-outer\">\n            <div data-colibri-id=\"21-c4\" class=\"d-flex h-flex-basis h-column__inner h-px-lg-2 h-px-md-2 h-px-2 v-inner-lg-2 v-inner-md-2 v-inner-2 style-272 style-local-21-c4 position-relative\">\n              <!---->\n              <!---->\n              <div class=\"w-100 h-y-container h-column__content h-column__v-align flex-basis-100 align-self-lg-start align-self-md-start align-self-start\">\n                <!---->\n                <div data-colibri-id=\"21-c5\" class=\"style-273 style-local-21-c5 position-relative h-element\">\n                  <!---->\n                  <div>\n                    \n                    <p>La prise de rendez-vous se fait par t\u00e9l\u00e9phone.<\/p>\n                    \n\n                    \n                    <p>La s\u00e9ance commence, apr\u00e8s l&#8217;accueil, par une discussion autour de la probl\u00e9matique de la personne. Ceci dans le but de fixer un objectif clair pour la s\u00e9ance, qui correspond g\u00e9n\u00e9ralement au mieux-\u00eatre vers lequel la personne veut tendre.<\/p>\n                    \n\n                    \n                    <p>Ensuite vient une courte phase de pr\u00e9-tests musculaires qui sert de prise de contact avec le tonus musculaire de la personne et qui permettent de s&#8217;assurer que rien dans son syst\u00e8me (plans physique, \u00e9motionnel et spirituel) n&#8217;entrave\n                      le travail qui sera r\u00e9alis\u00e9 durant la s\u00e9ance.<\/p>\n                    \n\n                    \n                    <p>A l&#8217;issue de cette phase, sont d\u00e9termin\u00e9s la ou les m\u00e9thodes qui vont \u00eatre employ\u00e9es durant la s\u00e9ance afin de r\u00e9\u00e9quilibrer le syst\u00e8me \u00e9nerg\u00e9tique et\/ou \u00e9motionnel de la personne.<\/p>\n                    \n\n                    \n                    <p>Ensuite vient la phase qui occupe la plus grande partie de la s\u00e9ance : l&#8217;\u00e9quilibrage selon la m\u00e9thode (Kin\u00e9siologie, Reiki, EFT) d\u00e9termin\u00e9e pr\u00e9c\u00e9demment.<\/p>\n                    \n\n                    \n                    <p>Enfin, la s\u00e9ance se cl\u00f4ture par un bilan et une discussion autour du travail qui a \u00e9t\u00e9 r\u00e9alis\u00e9.<\/p>\n                    \n                  <\/div>\n                <\/div>\n              <\/div>\n            <\/div>\n          <\/div>\n          <div class=\"h-column h-column-container d-flex h-col-lg-auto h-col-md-auto h-col-auto style-275-outer style-local-21-c6-outer\">\n            <div data-colibri-id=\"21-c6\" class=\"d-flex h-flex-basis h-column__inner h-px-lg-2 h-px-md-2 h-px-2 v-inner-lg-2 v-inner-md-2 v-inner-2 style-275 style-local-21-c6 position-relative\">\n              <!---->\n              <!---->\n              <div class=\"w-100 h-y-container h-column__content h-column__v-align flex-basis-100 align-self-lg-start align-self-md-start align-self-start\">\n                <!---->\n                <div data-colibri-id=\"21-c7\" class=\"d-block style-276 style-local-21-c7 position-relative h-element\">\n                  <!---->\n                  <div class=\"h-image__frame-container-outer\">\n                    <div class=\"h-image__frame-container\">\n                      <!---->\n                      <!---->\n                      <img loading=\"lazy\" decoding=\"async\" width=\"2560\" height=\"1919\" src=\"https:\/\/xn--dor-mieux-tre-dhbw.fr\/wp-content\/uploads\/2024\/02\/cropped-Cabinet-kinesiologie-reiki-eft-Merlevenez-lorient-scaled-1.jpg\" class=\"wp-image-509 style-276-image style-local-21-c7-image\" alt=\"\" srcset=\"https:\/\/xn--dor-mieux-tre-dhbw.fr\/wp-content\/uploads\/2024\/02\/cropped-Cabinet-kinesiologie-reiki-eft-Merlevenez-lorient-scaled-1.jpg 2560w, https:\/\/xn--dor-mieux-tre-dhbw.fr\/wp-content\/uploads\/2024\/02\/cropped-Cabinet-kinesiologie-reiki-eft-Merlevenez-lorient-scaled-1-300x225.jpg 300w, https:\/\/xn--dor-mieux-tre-dhbw.fr\/wp-content\/uploads\/2024\/02\/cropped-Cabinet-kinesiologie-reiki-eft-Merlevenez-lorient-scaled-1-1024x768.jpg 1024w, https:\/\/xn--dor-mieux-tre-dhbw.fr\/wp-content\/uploads\/2024\/02\/cropped-Cabinet-kinesiologie-reiki-eft-Merlevenez-lorient-scaled-1-768x576.jpg 768w, https:\/\/xn--dor-mieux-tre-dhbw.fr\/wp-content\/uploads\/2024\/02\/cropped-Cabinet-kinesiologie-reiki-eft-Merlevenez-lorient-scaled-1-1536x1151.jpg 1536w, https:\/\/xn--dor-mieux-tre-dhbw.fr\/wp-content\/uploads\/2024\/02\/cropped-Cabinet-kinesiologie-reiki-eft-Merlevenez-lorient-scaled-1-2048x1535.jpg 2048w\" sizes=\"auto, (max-width: 2560px) 100vw, 2560px\" \/>\n                      <div class=\"h-image__frame h-hide-lg h-hide-md h-hide-sm style-276-frameImage style-local-21-c7-frameImage\"><\/div>\n                    <\/div>\n                  <\/div>\n                <\/div>\n                <div data-colibri-id=\"21-c10\" class=\"d-block style-424 style-local-21-c10 position-relative h-element\">\n                  <!---->\n                  <div class=\"h-image__frame-container-outer\">\n                    <div class=\"h-image__frame-container\">\n                      <!---->\n                      <!---->\n                      <img loading=\"lazy\" decoding=\"async\" width=\"500\" height=\"500\" src=\"https:\/\/xn--dor-mieux-tre-dhbw.fr\/wp-content\/uploads\/2024\/02\/cropped-Cabinet-2-kinesiologie-reiki-eft-Merlevenez-lorient.jpg\" class=\"wp-image-512 style-424-image style-local-21-c10-image\" alt=\"\" srcset=\"https:\/\/xn--dor-mieux-tre-dhbw.fr\/wp-content\/uploads\/2024\/02\/cropped-Cabinet-2-kinesiologie-reiki-eft-Merlevenez-lorient.jpg 500w, https:\/\/xn--dor-mieux-tre-dhbw.fr\/wp-content\/uploads\/2024\/02\/cropped-Cabinet-2-kinesiologie-reiki-eft-Merlevenez-lorient-300x300.jpg 300w, https:\/\/xn--dor-mieux-tre-dhbw.fr\/wp-content\/uploads\/2024\/02\/cropped-Cabinet-2-kinesiologie-reiki-eft-Merlevenez-lorient-150x150.jpg 150w\" sizes=\"auto, (max-width: 500px) 100vw, 500px\" \/>\n                      <div class=\"h-image__frame h-hide-lg h-hide-md h-hide-sm style-424-frameImage style-local-21-c10-frameImage\"><\/div>\n                    <\/div>\n                  <\/div>\n                <\/div>\n              <\/div>\n            <\/div>\n          <\/div>\n        <\/div>\n      <\/div>\n    <\/div>\n  <\/div>\n<\/div>","protected":false},"excerpt":{"rendered":"<p>La prise de rendez-vous se fait par t\u00e9l\u00e9phone. La s\u00e9ance commence, apr\u00e8s l&#8217;accueil, par une discussion autour de la probl\u00e9matique de la personne. Ceci dans le but de fixer un objectif clair pour la s\u00e9ance, qui correspond g\u00e9n\u00e9ralement au mieux-\u00eatre vers lequel la personne veut tendre. Ensuite vient une courte phase de pr\u00e9-tests musculaires qui [&hellip;]<\/p>\n","protected":false},"author":1,"featured_media":0,"parent":0,"menu_order":0,"comment_status":"closed","ping_status":"closed","template":"page-templates\/full-width-page.php","meta":{"footnotes":""},"class_list":["post-21","page","type-page","status-publish","hentry"],"_links":{"self":[{"href":"https:\/\/xn--dor-mieux-tre-dhbw.fr\/index.php\/wp-json\/wp\/v2\/pages\/21","targetHints":{"allow":["GET"]}}],"collection":[{"href":"https:\/\/xn--dor-mieux-tre-dhbw.fr\/index.php\/wp-json\/wp\/v2\/pages"}],"about":[{"href":"https:\/\/xn--dor-mieux-tre-dhbw.fr\/index.php\/wp-json\/wp\/v2\/types\/page"}],"author":[{"embeddable":true,"href":"https:\/\/xn--dor-mieux-tre-dhbw.fr\/index.php\/wp-json\/wp\/v2\/users\/1"}],"replies":[{"embeddable":true,"href":"https:\/\/xn--dor-mieux-tre-dhbw.fr\/index.php\/wp-json\/wp\/v2\/comments?post=21"}],"version-history":[{"count":9,"href":"https:\/\/xn--dor-mieux-tre-dhbw.fr\/index.php\/wp-json\/wp\/v2\/pages\/21\/revisions"}],"predecessor-version":[{"id":521,"href":"https:\/\/xn--dor-mieux-tre-dhbw.fr\/index.php\/wp-json\/wp\/v2\/pages\/21\/revisions\/521"}],"wp:attachment":[{"href":"https:\/\/xn--dor-mieux-tre-dhbw.fr\/index.php\/wp-json\/wp\/v2\/media?parent=21"}],"curies":[{"name":"wp","href":"https:\/\/api.w.org\/{rel}","templated":true}]}}