{"id":23,"date":"2024-02-03T19:42:05","date_gmt":"2024-02-03T18:42:05","guid":{"rendered":"http:\/\/xn--dor-mieux-tre-dhbw.fr\/?page_id=23"},"modified":"2024-02-04T15:12:09","modified_gmt":"2024-02-04T14:12:09","slug":"description-de-left","status":"publish","type":"page","link":"https:\/\/xn--dor-mieux-tre-dhbw.fr\/index.php\/description-de-left\/","title":{"rendered":"Description de l&#8217;EFT"},"content":{"rendered":"<div data-colibri-id=\"23-c1\" class=\"style-401 style-local-23-c1 position-relative\">\n  <!---->\n  <div data-colibri-component=\"section\" data-colibri-id=\"23-c2\" id=\"initial-content\" class=\"h-section h-section-global-spacing d-flex align-items-lg-center align-items-md-center align-items-center style-402 style-local-23-c2 position-relative\">\n    <!---->\n    <!---->\n    <div class=\"h-section-grid-container h-section-boxed-container\">\n      <!---->\n      <div data-colibri-id=\"23-c3\" class=\"h-row-container gutters-row-lg-1 gutters-row-md-1 gutters-row-0 gutters-row-v-lg-1 gutters-row-v-md-1 gutters-row-v-1 style-403 style-local-23-c3 position-relative\">\n        <!---->\n        <div class=\"h-row justify-content-lg-center justify-content-md-center justify-content-center align-items-lg-stretch align-items-md-stretch align-items-stretch gutters-col-lg-1 gutters-col-md-1 gutters-col-0 gutters-col-v-lg-1 gutters-col-v-md-1 gutters-col-v-1\">\n          <!---->\n          <div class=\"h-column h-column-container d-flex h-col-lg-auto h-col-md-auto h-col-auto style-404-outer style-local-23-c4-outer\">\n            <div data-colibri-id=\"23-c4\" class=\"d-flex h-flex-basis h-column__inner h-px-lg-2 h-px-md-2 h-px-2 v-inner-lg-2 v-inner-md-2 v-inner-2 style-404 style-local-23-c4 position-relative\">\n              <!---->\n              <!---->\n              <div class=\"w-100 h-y-container h-column__content h-column__v-align flex-basis-100 align-self-lg-start align-self-md-start align-self-start\">\n                <!---->\n                <div data-colibri-id=\"23-c5\" class=\"style-405 style-local-23-c5 position-relative h-element\">\n                  <!---->\n                  <div>\n                    \n                    <p>Cette technique psychocorporelle vise \u00e0 lib\u00e9rer les \u00e9motions n\u00e9gatives par des tapotements sur des points d&#8217;acupression.<\/p>\n                    \n\n                    \n                    <p><strong><em>Principe de l&#8217;EFT :<\/em><\/strong><\/p>\n                    \n\n                    \n                    <p>L&#8217;EFT est une m\u00e9thode simple, rapide et efficace, d\u00e9couverte par Gary Craig, qui permet de lib\u00e9rer les blocages \u00e9motionnels li\u00e9es \u00e0 un traumatisme pass\u00e9 ou actuel.<\/p>\n                    \n\n                    \n                    <p>Selon les principes de l&#8217;EFT, les \u00e9motions n\u00e9gatives sont provoqu\u00e9es par une perturbation de l&#8217;\u00e9quilibre \u00e9nerg\u00e9tique des m\u00e9ridiens pr\u00e9sents dans le corps. Le r\u00e9\u00e9quilibrage est r\u00e9alis\u00e9 en tapotant du bout des doigts les extr\u00e9mit\u00e9s de\n                      certains m\u00e9ridiens \u00e9nerg\u00e9tiques (d\u00e9but du sourcil, sous le nez, la clavicule\u2026) dans le but de restaurer la circulation normale de l&#8217;\u00e9nergie dans le corps.<\/p>\n                    \n\n                    \n                    <p>Ce r\u00e9\u00e9quilibrage n&#8217;efface pas le souvenir du traumatisme mais contribue \u00e0 r\u00e9duire la charge \u00e9motionnelle associ\u00e9e \u00e0 ce souvenir. Cela permet \u00e0 l&#8217;individu de changer d&#8217;attitude face \u00e0 sa probl\u00e9matique.<\/p>\n                    \n\n                    \n                    <p>L&#8217;EFT peut agir sur de nombreuses \u00e9motions ; tristesse, peur, col\u00e8re, d\u00e9gout, honte, culpabilit\u00e9, anxi\u00e9t\u00e9, &#8230; et ainsi am\u00e9liorer les sympt\u00f4mes post-traumatiques, att\u00e9nuer les phobies, r\u00e9duire le stress, am\u00e9liorer son estime de soi\n                      ou ses performances sportives,&#8230;<\/p>\n                    \n\n                    \n                    <p><strong><em>Concr\u00e8tement lors d&#8217;une s\u00e9ance d&#8217;EFT :<\/em><\/strong><\/p>\n                    \n\n                    \n                    <p>La personne est assise sur une chaise. Guid\u00e9e par le th\u00e9rapeute, elle tapote \u00e0 tour de r\u00f4le les extr\u00e9mit\u00e9s de certains m\u00e9ridiens tout en r\u00e9p\u00e9tant \u00e0 haute voix sa probl\u00e9matique.<\/p>\n                    \n\n                    \n                    <p>Dans tous les cas il est essentiel de poursuivre tout traitement fourni par son m\u00e9decin.<\/p>\n                    \n                  <\/div>\n                <\/div>\n              <\/div>\n            <\/div>\n          <\/div>\n          <div class=\"h-column h-column-container d-flex h-col-lg-auto h-col-md-auto h-col-auto style-406-outer style-local-23-c6-outer\">\n            <div data-colibri-id=\"23-c6\" class=\"d-flex h-flex-basis h-column__inner h-px-lg-0 h-px-md-0 h-px-0 v-inner-lg-0 v-inner-md-0 v-inner-0 style-406 style-local-23-c6 position-relative\">\n              <!---->\n              <!---->\n              <div class=\"w-100 h-y-container h-column__content h-column__v-align flex-basis-100 align-self-lg-start align-self-md-start align-self-start\">\n                <!---->\n                <div data-colibri-id=\"23-c7\" class=\"d-block style-407 style-local-23-c7 position-relative h-element\">\n                  <!---->\n                  <div class=\"h-image__frame-container-outer\">\n                    <div class=\"h-image__frame-container\">\n                      <!---->\n                      <!---->\n                      <img loading=\"lazy\" decoding=\"async\" width=\"1023\" height=\"1246\" src=\"https:\/\/xn--dor-mieux-tre-dhbw.fr\/wp-content\/uploads\/2024\/02\/cropped-EFT.jpg\" class=\"wp-image-426 style-407-image style-local-23-c7-image\" alt=\"\" srcset=\"https:\/\/xn--dor-mieux-tre-dhbw.fr\/wp-content\/uploads\/2024\/02\/cropped-EFT.jpg 1023w, https:\/\/xn--dor-mieux-tre-dhbw.fr\/wp-content\/uploads\/2024\/02\/cropped-EFT-246x300.jpg 246w, https:\/\/xn--dor-mieux-tre-dhbw.fr\/wp-content\/uploads\/2024\/02\/cropped-EFT-841x1024.jpg 841w, https:\/\/xn--dor-mieux-tre-dhbw.fr\/wp-content\/uploads\/2024\/02\/cropped-EFT-768x935.jpg 768w\" sizes=\"auto, (max-width: 1023px) 100vw, 1023px\" \/>\n                      <div class=\"h-image__frame h-hide-lg h-hide-md h-hide-sm style-407-frameImage style-local-23-c7-frameImage\"><\/div>\n                    <\/div>\n                  <\/div>\n                <\/div>\n              <\/div>\n            <\/div>\n          <\/div>\n        <\/div>\n      <\/div>\n    <\/div>\n  <\/div>\n<\/div>","protected":false},"excerpt":{"rendered":"<p>Cette technique psychocorporelle vise \u00e0 lib\u00e9rer les \u00e9motions n\u00e9gatives par des tapotements sur des points d&#8217;acupression. Principe de l&#8217;EFT : L&#8217;EFT est une m\u00e9thode simple, rapide et efficace, d\u00e9couverte par Gary Craig, qui permet de lib\u00e9rer les blocages \u00e9motionnels li\u00e9es \u00e0 un traumatisme pass\u00e9 ou actuel. Selon les principes de l&#8217;EFT, les \u00e9motions n\u00e9gatives sont [&hellip;]<\/p>\n","protected":false},"author":1,"featured_media":0,"parent":0,"menu_order":0,"comment_status":"closed","ping_status":"closed","template":"page-templates\/full-width-page.php","meta":{"footnotes":""},"class_list":["post-23","page","type-page","status-publish","hentry"],"_links":{"self":[{"href":"https:\/\/xn--dor-mieux-tre-dhbw.fr\/index.php\/wp-json\/wp\/v2\/pages\/23","targetHints":{"allow":["GET"]}}],"collection":[{"href":"https:\/\/xn--dor-mieux-tre-dhbw.fr\/index.php\/wp-json\/wp\/v2\/pages"}],"about":[{"href":"https:\/\/xn--dor-mieux-tre-dhbw.fr\/index.php\/wp-json\/wp\/v2\/types\/page"}],"author":[{"embeddable":true,"href":"https:\/\/xn--dor-mieux-tre-dhbw.fr\/index.php\/wp-json\/wp\/v2\/users\/1"}],"replies":[{"embeddable":true,"href":"https:\/\/xn--dor-mieux-tre-dhbw.fr\/index.php\/wp-json\/wp\/v2\/comments?post=23"}],"version-history":[{"count":2,"href":"https:\/\/xn--dor-mieux-tre-dhbw.fr\/index.php\/wp-json\/wp\/v2\/pages\/23\/revisions"}],"predecessor-version":[{"id":428,"href":"https:\/\/xn--dor-mieux-tre-dhbw.fr\/index.php\/wp-json\/wp\/v2\/pages\/23\/revisions\/428"}],"wp:attachment":[{"href":"https:\/\/xn--dor-mieux-tre-dhbw.fr\/index.php\/wp-json\/wp\/v2\/media?parent=23"}],"curies":[{"name":"wp","href":"https:\/\/api.w.org\/{rel}","templated":true}]}}