{"id":25,"date":"2024-02-03T19:44:17","date_gmt":"2024-02-03T18:44:17","guid":{"rendered":"http:\/\/xn--dor-mieux-tre-dhbw.fr\/?page_id=25"},"modified":"2024-02-04T15:28:32","modified_gmt":"2024-02-04T14:28:32","slug":"description-kinesiologie","status":"publish","type":"page","link":"https:\/\/xn--dor-mieux-tre-dhbw.fr\/index.php\/description-kinesiologie\/","title":{"rendered":"Description Kin\u00e9siologie"},"content":{"rendered":"<div data-colibri-id=\"25-c1\" class=\"style-408 style-local-25-c1 position-relative\">\n  <!---->\n  <div data-colibri-component=\"section\" data-colibri-id=\"25-c2\" id=\"initial-content\" class=\"h-section h-section-global-spacing d-flex align-items-lg-center align-items-md-center align-items-center style-409 style-local-25-c2 position-relative\">\n    <!---->\n    <!---->\n    <div class=\"h-section-grid-container h-section-boxed-container\">\n      <!---->\n      <div data-colibri-id=\"25-c3\" class=\"h-row-container gutters-row-lg-1 gutters-row-md-1 gutters-row-0 gutters-row-v-lg-1 gutters-row-v-md-1 gutters-row-v-1 style-410 style-local-25-c3 position-relative\">\n        <!---->\n        <div class=\"h-row justify-content-lg-center justify-content-md-center justify-content-center align-items-lg-stretch align-items-md-stretch align-items-stretch gutters-col-lg-1 gutters-col-md-1 gutters-col-0 gutters-col-v-lg-1 gutters-col-v-md-1 gutters-col-v-1\">\n          <!---->\n          <div class=\"h-column h-column-container d-flex h-col-lg-auto h-col-md-auto h-col-auto style-411-outer style-local-25-c4-outer\">\n            <div data-colibri-id=\"25-c4\" class=\"d-flex h-flex-basis h-column__inner h-px-lg-2 h-px-md-2 h-px-2 v-inner-lg-2 v-inner-md-2 v-inner-2 style-411 style-local-25-c4 position-relative\">\n              <!---->\n              <!---->\n              <div class=\"w-100 h-y-container h-column__content h-column__v-align flex-basis-100 align-self-lg-start align-self-md-start align-self-start\">\n                <!---->\n                <div data-colibri-id=\"25-c5\" class=\"style-412 style-local-25-c5 position-relative h-element\">\n                  <!---->\n                  <div>\n                    \n                    <p><strong><em>Principe de la kin\u00e9siologie :<\/em><\/strong><\/p>\n                    \n\n                    \n                    <p><em>En kin\u00e9siologie, comme en m\u00e9decine chinoise, on postule qu&#8217;une \u00e9nergie circule dans des m\u00e9ridiens r\u00e9partis dans tout le corps humain. Or, le stress, les \u00e9motions cristallis\u00e9es, &#8230; peuvent entraver la circulation de cette \u00e9nergie dans le corps et provoquer l&#8217;apparition de troubles ou de maladies.<\/em><\/p>\n                    \n\n                    \n                    <p><em>Le kin\u00e9siologue va chercher \u00e0 identifier ce qui perturbe la circulation naturelle\/fluide de l&#8217;\u00e9nergie dans le corps et il va chercher \u00e0 lib\u00e9rer\/d\u00e9bloquer cette \u00e9nergie afin que son client retrouve le chemin de la gu\u00e9rison et du bien \u00eatre.<\/em><\/p>\n                    \n\n                    \n                    <p><strong><em>Concr\u00e8tement lors d&#8217;une s\u00e9ance de kin\u00e9siologie :<\/em><\/strong><\/p>\n                    \n\n                    \n                    <p><em>Apr\u00e8s avoir d\u00e9termin\u00e9 avec son client une probl\u00e9matique, le kin\u00e9siologue test la r\u00e9activit\u00e9 de certains muscles du corps, ce qui va le renseigner sur l&#8217;\u00e9tat \u00e9nerg\u00e9tique des m\u00e9ridiens correspondants. Ces tests musculaires sont r\u00e9alis\u00e9s debout, assis ou allong\u00e9 selon les cas.<\/em><\/p>\n                    \n\n                    \n                    <p><em>Puis le kin\u00e9siologue corrige les d\u00e9s\u00e9quilibres \u00e9nerg\u00e9tiques de son client, qui reste toujours habill\u00e9, par diff\u00e9rentes techniques (massages de points sp\u00e9cifiques situ\u00e9s sur le cr\u00e2ne ou dans le dos, &#8230;).<\/em><\/p>\n                    \n\n                    \n                    <p><em>En g\u00e9n\u00e9rale, 1 \u00e0 3 s\u00e9ances suffisent pour r\u00e9\u00e9quilibrer l&#8217;\u00e9nergie dans le corps.<\/em><\/p>\n                    \n\n                    \n                    <p>Dans tous les cas il est essentiel de poursuivre tout traitement fourni par son m\u00e9decin.<\/p>\n                    \n                  <\/div>\n                <\/div>\n              <\/div>\n            <\/div>\n          <\/div>\n          <div class=\"h-column h-column-container d-flex h-col-lg-auto h-col-md-auto h-col-auto style-413-outer style-local-25-c6-outer\">\n            <div data-colibri-id=\"25-c6\" class=\"d-flex h-flex-basis h-column__inner h-px-lg-2 h-px-md-2 h-px-2 v-inner-lg-2 v-inner-md-2 v-inner-2 style-413 style-local-25-c6 position-relative\">\n              <!---->\n              <!---->\n              <div class=\"w-100 h-y-container h-column__content h-column__v-align flex-basis-100 align-self-lg-start align-self-md-start align-self-start\">\n                <!---->\n                <div data-colibri-id=\"25-c7\" class=\"d-block style-414 style-local-25-c7 position-relative h-element\">\n                  <!---->\n                  <div class=\"h-image__frame-container-outer\">\n                    <div class=\"h-image__frame-container\">\n                      <!---->\n                      <!---->\n                      <img loading=\"lazy\" decoding=\"async\" width=\"512\" height=\"512\" src=\"https:\/\/xn--dor-mieux-tre-dhbw.fr\/wp-content\/uploads\/2024\/02\/cropped-Kinesio-assis.jpg\" class=\"wp-image-435 style-414-image style-local-25-c7-image\" alt=\"\" srcset=\"https:\/\/xn--dor-mieux-tre-dhbw.fr\/wp-content\/uploads\/2024\/02\/cropped-Kinesio-assis.jpg 512w, https:\/\/xn--dor-mieux-tre-dhbw.fr\/wp-content\/uploads\/2024\/02\/cropped-Kinesio-assis-300x300.jpg 300w, https:\/\/xn--dor-mieux-tre-dhbw.fr\/wp-content\/uploads\/2024\/02\/cropped-Kinesio-assis-150x150.jpg 150w\" sizes=\"auto, (max-width: 512px) 100vw, 512px\" \/>\n                      <div class=\"h-image__frame h-hide-lg h-hide-md h-hide-sm style-414-frameImage style-local-25-c7-frameImage\"><\/div>\n                    <\/div>\n                  <\/div>\n                <\/div>\n              <\/div>\n            <\/div>\n          <\/div>\n        <\/div>\n      <\/div>\n    <\/div>\n  <\/div>\n<\/div>","protected":false},"excerpt":{"rendered":"<p>Principe de la kin\u00e9siologie : En kin\u00e9siologie, comme en m\u00e9decine chinoise, on postule qu&#8217;une \u00e9nergie circule dans des m\u00e9ridiens r\u00e9partis dans tout le corps humain. Or, le stress, les \u00e9motions cristallis\u00e9es, &#8230; peuvent entraver la circulation de cette \u00e9nergie dans le corps et provoquer l&#8217;apparition de troubles ou de maladies. Le kin\u00e9siologue va chercher \u00e0 [&hellip;]<\/p>\n","protected":false},"author":1,"featured_media":0,"parent":0,"menu_order":0,"comment_status":"closed","ping_status":"closed","template":"page-templates\/full-width-page.php","meta":{"footnotes":""},"class_list":["post-25","page","type-page","status-publish","hentry"],"_links":{"self":[{"href":"https:\/\/xn--dor-mieux-tre-dhbw.fr\/index.php\/wp-json\/wp\/v2\/pages\/25","targetHints":{"allow":["GET"]}}],"collection":[{"href":"https:\/\/xn--dor-mieux-tre-dhbw.fr\/index.php\/wp-json\/wp\/v2\/pages"}],"about":[{"href":"https:\/\/xn--dor-mieux-tre-dhbw.fr\/index.php\/wp-json\/wp\/v2\/types\/page"}],"author":[{"embeddable":true,"href":"https:\/\/xn--dor-mieux-tre-dhbw.fr\/index.php\/wp-json\/wp\/v2\/users\/1"}],"replies":[{"embeddable":true,"href":"https:\/\/xn--dor-mieux-tre-dhbw.fr\/index.php\/wp-json\/wp\/v2\/comments?post=25"}],"version-history":[{"count":6,"href":"https:\/\/xn--dor-mieux-tre-dhbw.fr\/index.php\/wp-json\/wp\/v2\/pages\/25\/revisions"}],"predecessor-version":[{"id":482,"href":"https:\/\/xn--dor-mieux-tre-dhbw.fr\/index.php\/wp-json\/wp\/v2\/pages\/25\/revisions\/482"}],"wp:attachment":[{"href":"https:\/\/xn--dor-mieux-tre-dhbw.fr\/index.php\/wp-json\/wp\/v2\/media?parent=25"}],"curies":[{"name":"wp","href":"https:\/\/api.w.org\/{rel}","templated":true}]}}