{"id":30,"date":"2024-02-03T19:47:44","date_gmt":"2024-02-03T18:47:44","guid":{"rendered":"http:\/\/xn--dor-mieux-tre-dhbw.fr\/?page_id=30"},"modified":"2024-02-04T15:29:21","modified_gmt":"2024-02-04T14:29:21","slug":"description-reiki","status":"publish","type":"page","link":"https:\/\/xn--dor-mieux-tre-dhbw.fr\/index.php\/description-reiki\/","title":{"rendered":"Description Reiki"},"content":{"rendered":"<div data-colibri-id=\"30-c1\" class=\"style-415 style-local-30-c1 position-relative\">\n  <!---->\n  <div data-colibri-component=\"section\" data-colibri-id=\"30-c2\" id=\"initial-content\" class=\"h-section h-section-global-spacing d-flex align-items-lg-center align-items-md-center align-items-center style-416 style-local-30-c2 position-relative\">\n    <!---->\n    <!---->\n    <div class=\"h-section-grid-container h-section-boxed-container\">\n      <!---->\n      <div data-colibri-id=\"30-c3\" class=\"h-row-container gutters-row-lg-1 gutters-row-md-1 gutters-row-0 gutters-row-v-lg-1 gutters-row-v-md-1 gutters-row-v-1 style-417 style-local-30-c3 position-relative\">\n        <!---->\n        <div class=\"h-row justify-content-lg-center justify-content-md-center justify-content-center align-items-lg-stretch align-items-md-stretch align-items-stretch gutters-col-lg-1 gutters-col-md-1 gutters-col-0 gutters-col-v-lg-1 gutters-col-v-md-1 gutters-col-v-1\">\n          <!---->\n          <div class=\"h-column h-column-container d-flex h-col-lg-auto h-col-md-auto h-col-auto style-418-outer style-local-30-c4-outer\">\n            <div data-colibri-id=\"30-c4\" class=\"d-flex h-flex-basis h-column__inner h-px-lg-2 h-px-md-2 h-px-2 v-inner-lg-2 v-inner-md-2 v-inner-2 style-418 style-local-30-c4 position-relative\">\n              <!---->\n              <!---->\n              <div class=\"w-100 h-y-container h-column__content h-column__v-align flex-basis-100 align-self-lg-start align-self-md-start align-self-start\">\n                <!---->\n                <div data-colibri-id=\"30-c5\" class=\"style-419 style-local-30-c5 position-relative h-element\">\n                  <!---->\n                  <div>\n                    \n                    <p>Cette technique \u00e9nerg\u00e9tique vise \u00e0 \u00e9veiller le processus dynamique d&#8217;auto-gu\u00e9rison du corps par imposition des mains.<\/p>\n                    \n\n                    \n                    <p><strong>Principe du Reiki&nbsp;:<\/strong><\/p>\n                    \n\n                    \n                    <p>Le Reiki est une m\u00e9thode holistique \u00e9nerg\u00e9tique qui intervient sur le champ vibratoire de la personne afin de (r\u00e9-)activer le processus d\u2019auto-gu\u00e9rison du corps.<\/p>\n                    \n\n                    \n                    <p>Le Reiki reconnait qu\u2019une \u00e9nergie circulant harmonieusement dans le corps <em>est propice \u00e0 un bon \u00e9quilibre de la personne, \u00e0 tous les niveaux de son \u00eatre&nbsp;: sur les plans physique, psychologique et spirituel. Ainsi, en diminuant le stress et les tensions, le Reiki peut permettre d\u2019att\u00e9nuer ou de faire dispara\u00eetre certains troubles, notamment psychosomatiques.<\/em><\/p>\n                    \n\n                    \n                    <p>Dans cette m\u00e9thode, invent\u00e9e \u00e0 la fin du 19e si\u00e8cle au Japon par Mikao&nbsp;USUI, le praticien appose ses mains sur diff\u00e9rentes parties du corps. Il joue le r\u00f4le de canal pour transmettre l&#8217;\u00e9nergie universelle \u00e0 la personne dans le\n                      but de r\u00e9tablir sa force vitale, sans toutefois engager son \u00e9nergie personnelle. <\/p>\n                    \n\n                    \n                    <p>Le Reiki ne pr\u00e9sente pas de contre-indications, il s&#8217;adresse \u00e0 tout le monde&nbsp;: enfants, adultes, et femmes enceintes. Il peut agir sur la fatigue, le stress, les troubles du sommeil, les douleurs physiques, la circulation sanguine,\n                      la d\u00e9tresse morale, la confiance en soi, \u2026<\/p>\n                    \n\n                    \n                    <p><strong>Concr\u00e8tement lors d&#8217;une s\u00e9ance de Reiki :<\/strong><\/p>\n                    \n\n                    \n                    <p><em>La personne est allong\u00e9e, v\u00eatue, sur la table de massage et elle ferme les yeux durant le soin. Le praticien <\/em>pose les mains sur des points sp\u00e9cifiques du corps&nbsp;: t\u00eate, buste, ventre, jambes, pieds\u2026p<em>arfois en contact du corps, parfois \u00e0 quelques centim\u00e8tres au-dessus<\/em>.\n                      Il pratique dans le m\u00eame temps une m\u00e9ditation sp\u00e9cifique et laisse couler l\u2019\u00e9nergie par ses mains.<em><\/em><\/p>\n                    \n\n                    \n                    <p>Par r\u00e9sonance, la personne entre dans sa propre relaxation m\u00e9ditative. Sous l\u2019effet de cette m\u00e9ditation sp\u00e9cifique, les tensions accumul\u00e9es par la personne l\u00e2chent, et laissent \u00e9merger ses potentiels naturels d\u2019auto-gu\u00e9rison.<\/p>\n                    \n\n                    \n                    <p><em>L\u2019\u00e9nergie du Reiki se dirige vers les zones du corps qui en ont le plus besoin. Elle atteint sa cible par elle-m\u00eame en respectant le rythme de la personne. Ainsi, le probl\u00e8me r\u00e9solu ne sera pas forc\u00e9ment celui pour lequel la personne est venue consulter initialement<\/em><\/p>\n                    \n\n                    \n                    <p><em>Les ressentis, chez la personne qui re\u00e7oit le soin, peuvent \u00eatre vari\u00e9s, mais g\u00e9n\u00e9ralement elle per\u00e7oit une chaleur douce ou intense, des picotements, des flux d&#8217;\u00e9nergie ou encore une sensation d&#8217;eau chaude qui coule dans le corps.<\/em><\/p>\n                    \n\n                    \n                    <p>Selon la probl\u00e9matique, il peut \u00eatre n\u00e9cessaire de r\u00e9aliser une \u00e0 quelques s\u00e9ances de Reiki afin d\u2019observer un mieux-\u00eatre.<\/p>\n                    \n\n                    \n                    <p>Dans tous les cas il est essentiel de poursuivre tout traitement fourni par son m\u00e9decin.<\/p>\n                    \n                  <\/div>\n                <\/div>\n              <\/div>\n            <\/div>\n          <\/div>\n          <div class=\"h-column h-column-container d-flex h-col-lg-auto h-col-md-auto h-col-auto style-420-outer style-local-30-c6-outer\">\n            <div data-colibri-id=\"30-c6\" class=\"d-flex h-flex-basis h-column__inner h-px-lg-2 h-px-md-2 h-px-2 v-inner-lg-2 v-inner-md-2 v-inner-2 style-420 style-local-30-c6 position-relative\">\n              <!---->\n              <!---->\n              <div class=\"w-100 h-y-container h-column__content h-column__v-align flex-basis-100 align-self-lg-start align-self-md-start align-self-start\">\n                <!---->\n                <div data-colibri-id=\"30-c7\" class=\"d-block style-421 style-local-30-c7 position-relative h-element\">\n                  <!---->\n                  <div class=\"h-image__frame-container-outer\">\n                    <div class=\"h-image__frame-container\">\n                      <!---->\n                      <!---->\n                      <img loading=\"lazy\" decoding=\"async\" width=\"512\" height=\"341\" src=\"https:\/\/xn--dor-mieux-tre-dhbw.fr\/wp-content\/uploads\/2024\/02\/cropped-Reiki-sans.jpg\" class=\"wp-image-444 style-421-image style-local-30-c7-image\" alt=\"\" srcset=\"https:\/\/xn--dor-mieux-tre-dhbw.fr\/wp-content\/uploads\/2024\/02\/cropped-Reiki-sans.jpg 512w, https:\/\/xn--dor-mieux-tre-dhbw.fr\/wp-content\/uploads\/2024\/02\/cropped-Reiki-sans-300x200.jpg 300w\" sizes=\"auto, (max-width: 512px) 100vw, 512px\" \/>\n                      <div class=\"h-image__frame h-hide-lg h-hide-md h-hide-sm style-421-frameImage style-local-30-c7-frameImage\"><\/div>\n                    <\/div>\n                  <\/div>\n                <\/div>\n              <\/div>\n            <\/div>\n          <\/div>\n        <\/div>\n      <\/div>\n    <\/div>\n  <\/div>\n<\/div>","protected":false},"excerpt":{"rendered":"<p>Cette technique \u00e9nerg\u00e9tique vise \u00e0 \u00e9veiller le processus dynamique d&#8217;auto-gu\u00e9rison du corps par imposition des mains. Principe du Reiki&nbsp;: Le Reiki est une m\u00e9thode holistique \u00e9nerg\u00e9tique qui intervient sur le champ vibratoire de la personne afin de (r\u00e9-)activer le processus d\u2019auto-gu\u00e9rison du corps. Le Reiki reconnait qu\u2019une \u00e9nergie circulant harmonieusement dans le corps est propice [&hellip;]<\/p>\n","protected":false},"author":1,"featured_media":0,"parent":0,"menu_order":0,"comment_status":"closed","ping_status":"closed","template":"page-templates\/full-width-page.php","meta":{"footnotes":""},"class_list":["post-30","page","type-page","status-publish","hentry"],"_links":{"self":[{"href":"https:\/\/xn--dor-mieux-tre-dhbw.fr\/index.php\/wp-json\/wp\/v2\/pages\/30","targetHints":{"allow":["GET"]}}],"collection":[{"href":"https:\/\/xn--dor-mieux-tre-dhbw.fr\/index.php\/wp-json\/wp\/v2\/pages"}],"about":[{"href":"https:\/\/xn--dor-mieux-tre-dhbw.fr\/index.php\/wp-json\/wp\/v2\/types\/page"}],"author":[{"embeddable":true,"href":"https:\/\/xn--dor-mieux-tre-dhbw.fr\/index.php\/wp-json\/wp\/v2\/users\/1"}],"replies":[{"embeddable":true,"href":"https:\/\/xn--dor-mieux-tre-dhbw.fr\/index.php\/wp-json\/wp\/v2\/comments?post=30"}],"version-history":[{"count":5,"href":"https:\/\/xn--dor-mieux-tre-dhbw.fr\/index.php\/wp-json\/wp\/v2\/pages\/30\/revisions"}],"predecessor-version":[{"id":489,"href":"https:\/\/xn--dor-mieux-tre-dhbw.fr\/index.php\/wp-json\/wp\/v2\/pages\/30\/revisions\/489"}],"wp:attachment":[{"href":"https:\/\/xn--dor-mieux-tre-dhbw.fr\/index.php\/wp-json\/wp\/v2\/media?parent=30"}],"curies":[{"name":"wp","href":"https:\/\/api.w.org\/{rel}","templated":true}]}}