{"id":32,"date":"2024-02-03T19:49:45","date_gmt":"2024-02-03T18:49:45","guid":{"rendered":"http:\/\/xn--dor-mieux-tre-dhbw.fr\/?page_id=32"},"modified":"2024-02-03T19:49:45","modified_gmt":"2024-02-03T18:49:45","slug":"mon-parcours","status":"publish","type":"page","link":"https:\/\/xn--dor-mieux-tre-dhbw.fr\/index.php\/mon-parcours\/","title":{"rendered":"Mon parcours"},"content":{"rendered":"\n<p>Je porte un int\u00e9r\u00eat nourri depuis plus de 20 ans pour tout ce qui attrait au d\u00e9veloppement personnel et plus particuli\u00e8rement \u00e0 l&#8217;\u00e9nerg\u00e9tique du corps humain.<\/p>\n\n\n\n<p>J&#8217;entreprends donc de me former au Reiki USIU et devient Ma\u00eetre Reiki en 2013.<\/p>\n\n\n\n<p>Ensuite c&#8217;est la question du lien entre l&#8217;\u00e9nerg\u00e9tique et les \u00e9motions qui me conduit \u00e0 devenir praticien en EFT en 2015.<\/p>\n\n\n\n<p>Et finalement, afin de poursuivre dans la compr\u00e9hension du fonctionnement \u00e9nerg\u00e9tique du corps et sentant l&#8217;envie d&#8217;accompagner les personnes dans cette compr\u00e9hension et de les aider \u00e0 avancer dans leur voie, je me forme en 2018 \u00e0 la Kin\u00e9siologie.<\/p>\n\n\n\n<p>Je propose maintenant mes services en tant qu&#8217;accompagnant vers le mieux-\u00eatre \u00e9nerg\u00e9tique et \u00e9motionnel \u00e0 mon cabinet \u00e0 Merlevenez.<\/p>\n","protected":false},"excerpt":{"rendered":"<p>Je porte un int\u00e9r\u00eat nourri depuis plus de 20 ans pour tout ce qui attrait au d\u00e9veloppement personnel et plus particuli\u00e8rement \u00e0 l&#8217;\u00e9nerg\u00e9tique du corps humain. J&#8217;entreprends donc de me former au Reiki USIU et devient Ma\u00eetre Reiki en 2013. Ensuite c&#8217;est la question du lien entre l&#8217;\u00e9nerg\u00e9tique et les \u00e9motions qui me conduit \u00e0 [&hellip;]<\/p>\n","protected":false},"author":1,"featured_media":0,"parent":0,"menu_order":0,"comment_status":"closed","ping_status":"closed","template":"","meta":{"footnotes":""},"class_list":["post-32","page","type-page","status-publish","hentry"],"_links":{"self":[{"href":"https:\/\/xn--dor-mieux-tre-dhbw.fr\/index.php\/wp-json\/wp\/v2\/pages\/32","targetHints":{"allow":["GET"]}}],"collection":[{"href":"https:\/\/xn--dor-mieux-tre-dhbw.fr\/index.php\/wp-json\/wp\/v2\/pages"}],"about":[{"href":"https:\/\/xn--dor-mieux-tre-dhbw.fr\/index.php\/wp-json\/wp\/v2\/types\/page"}],"author":[{"embeddable":true,"href":"https:\/\/xn--dor-mieux-tre-dhbw.fr\/index.php\/wp-json\/wp\/v2\/users\/1"}],"replies":[{"embeddable":true,"href":"https:\/\/xn--dor-mieux-tre-dhbw.fr\/index.php\/wp-json\/wp\/v2\/comments?post=32"}],"version-history":[{"count":1,"href":"https:\/\/xn--dor-mieux-tre-dhbw.fr\/index.php\/wp-json\/wp\/v2\/pages\/32\/revisions"}],"predecessor-version":[{"id":33,"href":"https:\/\/xn--dor-mieux-tre-dhbw.fr\/index.php\/wp-json\/wp\/v2\/pages\/32\/revisions\/33"}],"wp:attachment":[{"href":"https:\/\/xn--dor-mieux-tre-dhbw.fr\/index.php\/wp-json\/wp\/v2\/media?parent=32"}],"curies":[{"name":"wp","href":"https:\/\/api.w.org\/{rel}","templated":true}]}}